{"id":135,"date":"2021-10-23T11:10:45","date_gmt":"2021-10-23T09:10:45","guid":{"rendered":"https:\/\/pinngo.me\/my-account-2\/"},"modified":"2023-09-07T09:25:25","modified_gmt":"2023-09-07T07:25:25","slug":"my-account","status":"publish","type":"page","link":"https:\/\/pinngo.me\/en\/my-account\/","title":{"rendered":"My account"},"content":{"rendered":"<div class=\"woocommerce\"><\/div>","protected":false},"excerpt":{"rendered":"","protected":false},"author":1,"featured_media":0,"parent":0,"menu_order":0,"comment_status":"closed","ping_status":"closed","template":"","meta":{"footnotes":""},"class_list":["post-135","page","type-page","status-publish","hentry"],"yoast_head":"<!-- This site is optimized with the Yoast SEO Premium plugin v22.4 (Yoast SEO v27.3) - https:\/\/yoast.com\/product\/yoast-seo-premium-wordpress\/ -->\n<title>My account | PinnGo - Ministarstvo za doga\u0111aje<\/title>\n<meta name=\"description\" content=\"Prona\u0111i najbolji doga\u0111aj u Crnoj Gori. Svi doga\u0111aji na tri klika. Pin n Go Best Montenegro Nightlife.\" \/>\n<meta name=\"robots\" content=\"noindex, nofollow\" \/>\n<meta property=\"og:locale\" content=\"en_GB\" \/>\n<meta property=\"og:type\" content=\"article\" \/>\n<meta property=\"og:title\" content=\"My account\" \/>\n<meta property=\"og:description\" content=\"Prona\u0111i najbolji doga\u0111aj u Crnoj Gori. Svi doga\u0111aji na tri klika. Pin n Go Best Montenegro Nightlife.\" \/>\n<meta property=\"og:url\" content=\"https:\/\/pinngo.me\/en\/my-account\/\" \/>\n<meta property=\"og:site_name\" content=\"PinnGo\" \/>\n<meta property=\"article:publisher\" content=\"https:\/\/www.facebook.com\/pinngo.me\/\" \/>\n<meta property=\"article:modified_time\" content=\"2023-09-07T07:25:25+00:00\" \/>\n<meta property=\"og:image\" content=\"https:\/\/pinngo.me\/wp-content\/uploads\/2022\/02\/cropped-velicina-dobra.png\" \/>\n\t<meta property=\"og:image:width\" content=\"512\" \/>\n\t<meta property=\"og:image:height\" content=\"512\" \/>\n\t<meta property=\"og:image:type\" content=\"image\/png\" \/>\n<meta name=\"twitter:card\" content=\"summary_large_image\" \/>\n<meta name=\"twitter:site\" content=\"@pinngo_me\" \/>\n<script type=\"application\/ld+json\" class=\"yoast-schema-graph\">{\"@context\":\"https:\\\/\\\/schema.org\",\"@graph\":[{\"@type\":\"WebPage\",\"@id\":\"https:\\\/\\\/pinngo.me\\\/my-account\\\/\",\"url\":\"https:\\\/\\\/pinngo.me\\\/my-account\\\/\",\"name\":\"My account | PinnGo - Ministarstvo za doga\u0111aje\",\"isPartOf\":{\"@id\":\"https:\\\/\\\/pinngo.me\\\/#website\"},\"datePublished\":\"2021-10-23T09:10:45+00:00\",\"dateModified\":\"2023-09-07T07:25:25+00:00\",\"description\":\"Prona\u0111i najbolji doga\u0111aj u Crnoj Gori. Svi doga\u0111aji na tri klika. Pin n Go Best Montenegro Nightlife.\",\"breadcrumb\":{\"@id\":\"https:\\\/\\\/pinngo.me\\\/my-account\\\/#breadcrumb\"},\"inLanguage\":\"en-GB\",\"potentialAction\":[{\"@type\":\"ReadAction\",\"target\":[\"https:\\\/\\\/pinngo.me\\\/my-account\\\/\"]}]},{\"@type\":\"BreadcrumbList\",\"@id\":\"https:\\\/\\\/pinngo.me\\\/my-account\\\/#breadcrumb\",\"itemListElement\":[{\"@type\":\"ListItem\",\"position\":1,\"name\":\"Home\",\"item\":\"https:\\\/\\\/pinngo.me\\\/\"},{\"@type\":\"ListItem\",\"position\":2,\"name\":\"My account\"}]},{\"@type\":\"WebSite\",\"@id\":\"https:\\\/\\\/pinngo.me\\\/#website\",\"url\":\"https:\\\/\\\/pinngo.me\\\/\",\"name\":\"PinnGo\",\"description\":\"Ministarstvo za doga\u0111aje\",\"publisher\":{\"@id\":\"https:\\\/\\\/pinngo.me\\\/#organization\"},\"alternateName\":\"pinngo.me\",\"potentialAction\":[{\"@type\":\"SearchAction\",\"target\":{\"@type\":\"EntryPoint\",\"urlTemplate\":\"https:\\\/\\\/pinngo.me\\\/?s={search_term_string}\"},\"query-input\":{\"@type\":\"PropertyValueSpecification\",\"valueRequired\":true,\"valueName\":\"search_term_string\"}}],\"inLanguage\":\"en-GB\"},{\"@type\":\"Organization\",\"@id\":\"https:\\\/\\\/pinngo.me\\\/#organization\",\"name\":\"PinnGo - Ministarstvo za doga\u0111aje\",\"alternateName\":\"pinngo.me\",\"url\":\"https:\\\/\\\/pinngo.me\\\/\",\"logo\":{\"@type\":\"ImageObject\",\"inLanguage\":\"en-GB\",\"@id\":\"https:\\\/\\\/pinngo.me\\\/#\\\/schema\\\/logo\\\/image\\\/\",\"url\":\"https:\\\/\\\/pinngo.me\\\/wp-content\\\/uploads\\\/2022\\\/02\\\/cropped-velicina-dobra.png\",\"contentUrl\":\"https:\\\/\\\/pinngo.me\\\/wp-content\\\/uploads\\\/2022\\\/02\\\/cropped-velicina-dobra.png\",\"width\":512,\"height\":512,\"caption\":\"PinnGo - Ministarstvo za doga\u0111aje\"},\"image\":{\"@id\":\"https:\\\/\\\/pinngo.me\\\/#\\\/schema\\\/logo\\\/image\\\/\"},\"sameAs\":[\"https:\\\/\\\/www.facebook.com\\\/pinngo.me\\\/\",\"https:\\\/\\\/x.com\\\/pinngo_me\",\"https:\\\/\\\/www.instagram.com\\\/pinngo.me\\\/\"]}]}<\/script>\n<!-- \/ Yoast SEO Premium plugin. -->","yoast_head_json":{"title":"My account | PinnGo - Ministarstvo za doga\u0111aje","description":"Prona\u0111i najbolji doga\u0111aj u Crnoj Gori. Svi doga\u0111aji na tri klika. Pin n Go Best Montenegro Nightlife.","robots":{"index":"noindex","follow":"nofollow"},"og_locale":"en_GB","og_type":"article","og_title":"My account","og_description":"Prona\u0111i najbolji doga\u0111aj u Crnoj Gori. Svi doga\u0111aji na tri klika. Pin n Go Best Montenegro Nightlife.","og_url":"https:\/\/pinngo.me\/en\/my-account\/","og_site_name":"PinnGo","article_publisher":"https:\/\/www.facebook.com\/pinngo.me\/","article_modified_time":"2023-09-07T07:25:25+00:00","og_image":[{"width":512,"height":512,"url":"https:\/\/pinngo.me\/wp-content\/uploads\/2022\/02\/cropped-velicina-dobra.png","type":"image\/png"}],"twitter_card":"summary_large_image","twitter_site":"@pinngo_me","schema":{"@context":"https:\/\/schema.org","@graph":[{"@type":"WebPage","@id":"https:\/\/pinngo.me\/my-account\/","url":"https:\/\/pinngo.me\/my-account\/","name":"My account | PinnGo - Ministarstvo za doga\u0111aje","isPartOf":{"@id":"https:\/\/pinngo.me\/#website"},"datePublished":"2021-10-23T09:10:45+00:00","dateModified":"2023-09-07T07:25:25+00:00","description":"Prona\u0111i najbolji doga\u0111aj u Crnoj Gori. Svi doga\u0111aji na tri klika. Pin n Go Best Montenegro Nightlife.","breadcrumb":{"@id":"https:\/\/pinngo.me\/my-account\/#breadcrumb"},"inLanguage":"en-GB","potentialAction":[{"@type":"ReadAction","target":["https:\/\/pinngo.me\/my-account\/"]}]},{"@type":"BreadcrumbList","@id":"https:\/\/pinngo.me\/my-account\/#breadcrumb","itemListElement":[{"@type":"ListItem","position":1,"name":"Home","item":"https:\/\/pinngo.me\/"},{"@type":"ListItem","position":2,"name":"My account"}]},{"@type":"WebSite","@id":"https:\/\/pinngo.me\/#website","url":"https:\/\/pinngo.me\/","name":"PinnGo","description":"Ministry of events","publisher":{"@id":"https:\/\/pinngo.me\/#organization"},"alternateName":"pinngo.me","potentialAction":[{"@type":"SearchAction","target":{"@type":"EntryPoint","urlTemplate":"https:\/\/pinngo.me\/?s={search_term_string}"},"query-input":{"@type":"PropertyValueSpecification","valueRequired":true,"valueName":"search_term_string"}}],"inLanguage":"en-GB"},{"@type":"Organization","@id":"https:\/\/pinngo.me\/#organization","name":"PinnGo - Ministarstvo za doga\u0111aje","alternateName":"pinngo.me","url":"https:\/\/pinngo.me\/","logo":{"@type":"ImageObject","inLanguage":"en-GB","@id":"https:\/\/pinngo.me\/#\/schema\/logo\/image\/","url":"https:\/\/pinngo.me\/wp-content\/uploads\/2022\/02\/cropped-velicina-dobra.png","contentUrl":"https:\/\/pinngo.me\/wp-content\/uploads\/2022\/02\/cropped-velicina-dobra.png","width":512,"height":512,"caption":"PinnGo - Ministarstvo za doga\u0111aje"},"image":{"@id":"https:\/\/pinngo.me\/#\/schema\/logo\/image\/"},"sameAs":["https:\/\/www.facebook.com\/pinngo.me\/","https:\/\/x.com\/pinngo_me","https:\/\/www.instagram.com\/pinngo.me\/"]}]}},"jetpack_sharing_enabled":false,"_links":{"self":[{"href":"https:\/\/pinngo.me\/en\/wp-json\/wp\/v2\/pages\/135","targetHints":{"allow":["GET"]}}],"collection":[{"href":"https:\/\/pinngo.me\/en\/wp-json\/wp\/v2\/pages"}],"about":[{"href":"https:\/\/pinngo.me\/en\/wp-json\/wp\/v2\/types\/page"}],"author":[{"embeddable":true,"href":"https:\/\/pinngo.me\/en\/wp-json\/wp\/v2\/users\/1"}],"replies":[{"embeddable":true,"href":"https:\/\/pinngo.me\/en\/wp-json\/wp\/v2\/comments?post=135"}],"version-history":[{"count":0,"href":"https:\/\/pinngo.me\/en\/wp-json\/wp\/v2\/pages\/135\/revisions"}],"wp:attachment":[{"href":"https:\/\/pinngo.me\/en\/wp-json\/wp\/v2\/media?parent=135"}],"curies":[{"name":"wp","href":"https:\/\/api.w.org\/{rel}","templated":true}]}}