{"id":134,"date":"2021-10-23T11:10:45","date_gmt":"2021-10-23T11:10:45","guid":{"rendered":"https:\/\/pinngo.me\/add-listing\/"},"modified":"2022-04-29T03:41:58","modified_gmt":"2022-04-29T01:41:58","slug":"add-listing","status":"publish","type":"page","link":"https:\/\/pinngo.me\/en\/add-listing\/","title":{"rendered":"Add a Listing"},"content":{"rendered":"<div data-elementor-type=\"wp-page\" data-elementor-id=\"134\" class=\"elementor elementor-134\" data-elementor-post-type=\"page\">\n\t\t\t\t\t\t<section class=\"elementor-section elementor-top-section elementor-element elementor-element-ofbb32l elementor-section-height-min-height elementor-section-boxed elementor-section-height-default elementor-section-items-middle\" data-id=\"ofbb32l\" data-element_type=\"section\" data-e-type=\"section\" data-settings=\"{&quot;background_background&quot;:&quot;classic&quot;}\">\n\t\t\t\t\t\t<div class=\"elementor-container elementor-column-gap-default\">\n\t\t\t\t\t<div class=\"elementor-column elementor-col-100 elementor-top-column elementor-element elementor-element-w5neot1\" data-id=\"w5neot1\" data-element_type=\"column\" data-e-type=\"column\">\n\t\t\t<div class=\"elementor-widget-wrap elementor-element-populated\">\n\t\t\t\t\t\t<div class=\"elementor-element elementor-element-98caebe elementor-widget elementor-widget-heading\" data-id=\"98caebe\" data-element_type=\"widget\" data-e-type=\"widget\" data-widget_type=\"heading.default\">\n\t\t\t\t<div class=\"elementor-widget-container\">\n\t\t\t\t\t<h2 class=\"elementor-heading-title elementor-size-default\">Napravi oglas\n&lt;Create a listing&lt;<\/h2>\t\t\t\t<\/div>\n\t\t\t\t<\/div>\n\t\t\t\t<div class=\"elementor-element elementor-element-224cce8 elementor-widget elementor-widget-heading\" data-id=\"224cce8\" data-element_type=\"widget\" data-e-type=\"widget\" data-widget_type=\"heading.default\">\n\t\t\t\t<div class=\"elementor-widget-container\">\n\t\t\t\t\t<h2 class=\"elementor-heading-title elementor-size-default\">Choose listing type<\/h2>\t\t\t\t<\/div>\n\t\t\t\t<\/div>\n\t\t\t\t<div class=\"elementor-element elementor-element-fjzu802 elementor-widget elementor-widget-case27-add-listing-widget\" data-id=\"fjzu802\" data-element_type=\"widget\" data-e-type=\"widget\" data-widget_type=\"case27-add-listing-widget.default\">\n\t\t\t\t<div class=\"elementor-widget-container\">\n\t\t\t\t\t\r\n\t\r\n<section class=\"i-section\">\r\n\t<div class=\"container-fluid\">\r\n\t\t<div class=\"row section-body\">\r\n\t\t\t\t\t<div class=\"col-md-4 col-sm-6 col-xs-12 ac-category\">\r\n\t\t\t\t<div class=\"cat-card\">\r\n\t\t\t\t\t<a href=\"https:\/\/pinngo.me\/en\/add-listing\/?listing_type=event\">\r\n\t\t\t\t\t\t<div class=\"ac-front-side face\">\r\n\t\t\t\t\t\t\t<div class=\"hovering-c\">\r\n\t\t\t\t\t\t\t\t<span class=\"cat-icon\" style=\"color: #fff; background-color: #ff4fc1\">\r\n\t\t\t\t\t\t\t\t\t<i class=\"mi queue_music\"><\/i>\r\n\t\t\t\t\t\t\t\t<\/span>\r\n\t\t\t\t\t\t\t\t<span class=\"category-name\">Event<\/span>\r\n\t\t\t\t\t\t\t<\/div>\r\n\t\t\t\t\t\t<\/div>\r\n\t\t\t\t\t\t<div class=\"ac-back-side face\" style=\"background-color: #ff4fc1\">\r\n\t\t\t\t\t\t\t<div class=\"hovering-c\">\r\n\t\t\t\t\t\t\t\t<p>Choose type<\/p>\r\n\t\t\t\t\t\t\t<\/div>\r\n\t\t\t\t\t\t<\/div>\r\n\t\t\t\t\t<\/a>\r\n\t\t\t\t<\/div>\r\n\t\t\t<\/div>\r\n\t\t\t\t\t<div class=\"col-md-4 col-sm-6 col-xs-12 ac-category\">\r\n\t\t\t\t<div class=\"cat-card\">\r\n\t\t\t\t\t<a href=\"https:\/\/pinngo.me\/en\/add-listing\/?listing_type=place\">\r\n\t\t\t\t\t\t<div class=\"ac-front-side face\">\r\n\t\t\t\t\t\t\t<div class=\"hovering-c\">\r\n\t\t\t\t\t\t\t\t<span class=\"cat-icon\" style=\"color: #fff; background-color: #6c1cff\">\r\n\t\t\t\t\t\t\t\t\t<i class=\"icon-location-pin-check-2\"><\/i>\r\n\t\t\t\t\t\t\t\t<\/span>\r\n\t\t\t\t\t\t\t\t<span class=\"category-name\">Lokali<\/span>\r\n\t\t\t\t\t\t\t<\/div>\r\n\t\t\t\t\t\t<\/div>\r\n\t\t\t\t\t\t<div class=\"ac-back-side face\" style=\"background-color: #6c1cff\">\r\n\t\t\t\t\t\t\t<div class=\"hovering-c\">\r\n\t\t\t\t\t\t\t\t<p>Choose type<\/p>\r\n\t\t\t\t\t\t\t<\/div>\r\n\t\t\t\t\t\t<\/div>\r\n\t\t\t\t\t<\/a>\r\n\t\t\t\t<\/div>\r\n\t\t\t<\/div>\r\n\t\t\t\t\t<div class=\"col-md-4 col-sm-6 col-xs-12 ac-category\">\r\n\t\t\t\t<div class=\"cat-card\">\r\n\t\t\t\t\t<a href=\"https:\/\/pinngo.me\/en\/add-listing\/?listing_type=jobs\">\r\n\t\t\t\t\t\t<div class=\"ac-front-side face\">\r\n\t\t\t\t\t\t\t<div class=\"hovering-c\">\r\n\t\t\t\t\t\t\t\t<span class=\"cat-icon\" style=\"color: #fff; background-color: #027879\">\r\n\t\t\t\t\t\t\t\t\t<i class=\"icon-user-magnify\"><\/i>\r\n\t\t\t\t\t\t\t\t<\/span>\r\n\t\t\t\t\t\t\t\t<span class=\"category-name\">Booking<\/span>\r\n\t\t\t\t\t\t\t<\/div>\r\n\t\t\t\t\t\t<\/div>\r\n\t\t\t\t\t\t<div class=\"ac-back-side face\" style=\"background-color: #027879\">\r\n\t\t\t\t\t\t\t<div class=\"hovering-c\">\r\n\t\t\t\t\t\t\t\t<p>Choose type<\/p>\r\n\t\t\t\t\t\t\t<\/div>\r\n\t\t\t\t\t\t<\/div>\r\n\t\t\t\t\t<\/a>\r\n\t\t\t\t<\/div>\r\n\t\t\t<\/div>\r\n\t\t\t\t<\/div>\r\n\t<\/div>\r\n<\/section>\r\n\t\t\t\t<\/div>\n\t\t\t\t<\/div>\n\t\t\t\t\t<\/div>\n\t\t<\/div>\n\t\t\t\t\t<\/div>\n\t\t<\/section>\n\t\t\t\t<\/div>","protected":false},"excerpt":{"rendered":"<p>Create listing<\/p>","protected":false},"author":1,"featured_media":0,"parent":0,"menu_order":0,"comment_status":"closed","ping_status":"closed","template":"","meta":{"footnotes":""},"class_list":["post-134","page","type-page","status-publish","hentry"],"yoast_head":"<!-- This site is optimized with the Yoast SEO Premium plugin v22.4 (Yoast SEO v27.3) - https:\/\/yoast.com\/product\/yoast-seo-premium-wordpress\/ -->\n<title>Add a Listing | PinnGo - Ministarstvo za doga\u0111aje<\/title>\n<meta name=\"description\" content=\"Prona\u0111i najbolji doga\u0111aj u Crnoj Gori. Svi doga\u0111aji na tri klika. Pin n Go Best Montenegro Nightlife.\" \/>\n<meta name=\"robots\" content=\"index, follow, max-snippet:-1, max-image-preview:large, max-video-preview:-1\" \/>\n<link rel=\"canonical\" href=\"https:\/\/pinngo.me\/en\/add-listing\/\" \/>\n<meta property=\"og:locale\" content=\"en_GB\" \/>\n<meta property=\"og:type\" content=\"article\" \/>\n<meta property=\"og:title\" content=\"Add a Listing\" \/>\n<meta property=\"og:description\" content=\"Prona\u0111i najbolji doga\u0111aj u Crnoj Gori. Svi doga\u0111aji na tri klika. Pin n Go Best Montenegro Nightlife.\" \/>\n<meta property=\"og:url\" content=\"https:\/\/pinngo.me\/en\/add-listing\/\" \/>\n<meta property=\"og:site_name\" content=\"PinnGo\" \/>\n<meta property=\"article:publisher\" content=\"https:\/\/www.facebook.com\/pinngo.me\/\" \/>\n<meta property=\"article:modified_time\" content=\"2022-04-29T01:41:58+00:00\" \/>\n<meta property=\"og:image\" content=\"https:\/\/pinngo.me\/wp-content\/uploads\/2022\/02\/cropped-velicina-dobra.png\" \/>\n\t<meta property=\"og:image:width\" content=\"512\" \/>\n\t<meta property=\"og:image:height\" content=\"512\" \/>\n\t<meta property=\"og:image:type\" content=\"image\/png\" \/>\n<meta name=\"twitter:card\" content=\"summary_large_image\" \/>\n<meta name=\"twitter:site\" content=\"@pinngo_me\" \/>\n<script type=\"application\/ld+json\" class=\"yoast-schema-graph\">{\"@context\":\"https:\\\/\\\/schema.org\",\"@graph\":[{\"@type\":\"WebPage\",\"@id\":\"https:\\\/\\\/pinngo.me\\\/add-listing\\\/\",\"url\":\"https:\\\/\\\/pinngo.me\\\/add-listing\\\/\",\"name\":\"Add a Listing | PinnGo - Ministarstvo za doga\u0111aje\",\"isPartOf\":{\"@id\":\"https:\\\/\\\/pinngo.me\\\/#website\"},\"datePublished\":\"2021-10-23T11:10:45+00:00\",\"dateModified\":\"2022-04-29T01:41:58+00:00\",\"description\":\"Prona\u0111i najbolji doga\u0111aj u Crnoj Gori. Svi doga\u0111aji na tri klika. Pin n Go Best Montenegro Nightlife.\",\"breadcrumb\":{\"@id\":\"https:\\\/\\\/pinngo.me\\\/add-listing\\\/#breadcrumb\"},\"inLanguage\":\"en-GB\",\"potentialAction\":[{\"@type\":\"ReadAction\",\"target\":[\"https:\\\/\\\/pinngo.me\\\/add-listing\\\/\"]}]},{\"@type\":\"BreadcrumbList\",\"@id\":\"https:\\\/\\\/pinngo.me\\\/add-listing\\\/#breadcrumb\",\"itemListElement\":[{\"@type\":\"ListItem\",\"position\":1,\"name\":\"Home\",\"item\":\"https:\\\/\\\/pinngo.me\\\/\"},{\"@type\":\"ListItem\",\"position\":2,\"name\":\"Add a Listing\"}]},{\"@type\":\"WebSite\",\"@id\":\"https:\\\/\\\/pinngo.me\\\/#website\",\"url\":\"https:\\\/\\\/pinngo.me\\\/\",\"name\":\"PinnGo\",\"description\":\"Ministarstvo za doga\u0111aje\",\"publisher\":{\"@id\":\"https:\\\/\\\/pinngo.me\\\/#organization\"},\"alternateName\":\"pinngo.me\",\"potentialAction\":[{\"@type\":\"SearchAction\",\"target\":{\"@type\":\"EntryPoint\",\"urlTemplate\":\"https:\\\/\\\/pinngo.me\\\/?s={search_term_string}\"},\"query-input\":{\"@type\":\"PropertyValueSpecification\",\"valueRequired\":true,\"valueName\":\"search_term_string\"}}],\"inLanguage\":\"en-GB\"},{\"@type\":\"Organization\",\"@id\":\"https:\\\/\\\/pinngo.me\\\/#organization\",\"name\":\"PinnGo - Ministarstvo za doga\u0111aje\",\"alternateName\":\"pinngo.me\",\"url\":\"https:\\\/\\\/pinngo.me\\\/\",\"logo\":{\"@type\":\"ImageObject\",\"inLanguage\":\"en-GB\",\"@id\":\"https:\\\/\\\/pinngo.me\\\/#\\\/schema\\\/logo\\\/image\\\/\",\"url\":\"https:\\\/\\\/pinngo.me\\\/wp-content\\\/uploads\\\/2022\\\/02\\\/cropped-velicina-dobra.png\",\"contentUrl\":\"https:\\\/\\\/pinngo.me\\\/wp-content\\\/uploads\\\/2022\\\/02\\\/cropped-velicina-dobra.png\",\"width\":512,\"height\":512,\"caption\":\"PinnGo - Ministarstvo za doga\u0111aje\"},\"image\":{\"@id\":\"https:\\\/\\\/pinngo.me\\\/#\\\/schema\\\/logo\\\/image\\\/\"},\"sameAs\":[\"https:\\\/\\\/www.facebook.com\\\/pinngo.me\\\/\",\"https:\\\/\\\/x.com\\\/pinngo_me\",\"https:\\\/\\\/www.instagram.com\\\/pinngo.me\\\/\"]}]}<\/script>\n<!-- \/ Yoast SEO Premium plugin. -->","yoast_head_json":{"title":"Add a Listing | PinnGo - Ministarstvo za doga\u0111aje","description":"Prona\u0111i najbolji doga\u0111aj u Crnoj Gori. Svi doga\u0111aji na tri klika. Pin n Go Best Montenegro Nightlife.","robots":{"index":"index","follow":"follow","max-snippet":"max-snippet:-1","max-image-preview":"max-image-preview:large","max-video-preview":"max-video-preview:-1"},"canonical":"https:\/\/pinngo.me\/en\/add-listing\/","og_locale":"en_GB","og_type":"article","og_title":"Add a Listing","og_description":"Prona\u0111i najbolji doga\u0111aj u Crnoj Gori. Svi doga\u0111aji na tri klika. Pin n Go Best Montenegro Nightlife.","og_url":"https:\/\/pinngo.me\/en\/add-listing\/","og_site_name":"PinnGo","article_publisher":"https:\/\/www.facebook.com\/pinngo.me\/","article_modified_time":"2022-04-29T01:41:58+00:00","og_image":[{"width":512,"height":512,"url":"https:\/\/pinngo.me\/wp-content\/uploads\/2022\/02\/cropped-velicina-dobra.png","type":"image\/png"}],"twitter_card":"summary_large_image","twitter_site":"@pinngo_me","schema":{"@context":"https:\/\/schema.org","@graph":[{"@type":"WebPage","@id":"https:\/\/pinngo.me\/add-listing\/","url":"https:\/\/pinngo.me\/add-listing\/","name":"Add a Listing | PinnGo - Ministarstvo za doga\u0111aje","isPartOf":{"@id":"https:\/\/pinngo.me\/#website"},"datePublished":"2021-10-23T11:10:45+00:00","dateModified":"2022-04-29T01:41:58+00:00","description":"Prona\u0111i najbolji doga\u0111aj u Crnoj Gori. Svi doga\u0111aji na tri klika. Pin n Go Best Montenegro Nightlife.","breadcrumb":{"@id":"https:\/\/pinngo.me\/add-listing\/#breadcrumb"},"inLanguage":"en-GB","potentialAction":[{"@type":"ReadAction","target":["https:\/\/pinngo.me\/add-listing\/"]}]},{"@type":"BreadcrumbList","@id":"https:\/\/pinngo.me\/add-listing\/#breadcrumb","itemListElement":[{"@type":"ListItem","position":1,"name":"Home","item":"https:\/\/pinngo.me\/"},{"@type":"ListItem","position":2,"name":"Add a Listing"}]},{"@type":"WebSite","@id":"https:\/\/pinngo.me\/#website","url":"https:\/\/pinngo.me\/","name":"PinnGo","description":"Ministry of events","publisher":{"@id":"https:\/\/pinngo.me\/#organization"},"alternateName":"pinngo.me","potentialAction":[{"@type":"SearchAction","target":{"@type":"EntryPoint","urlTemplate":"https:\/\/pinngo.me\/?s={search_term_string}"},"query-input":{"@type":"PropertyValueSpecification","valueRequired":true,"valueName":"search_term_string"}}],"inLanguage":"en-GB"},{"@type":"Organization","@id":"https:\/\/pinngo.me\/#organization","name":"PinnGo - Ministarstvo za doga\u0111aje","alternateName":"pinngo.me","url":"https:\/\/pinngo.me\/","logo":{"@type":"ImageObject","inLanguage":"en-GB","@id":"https:\/\/pinngo.me\/#\/schema\/logo\/image\/","url":"https:\/\/pinngo.me\/wp-content\/uploads\/2022\/02\/cropped-velicina-dobra.png","contentUrl":"https:\/\/pinngo.me\/wp-content\/uploads\/2022\/02\/cropped-velicina-dobra.png","width":512,"height":512,"caption":"PinnGo - Ministarstvo za doga\u0111aje"},"image":{"@id":"https:\/\/pinngo.me\/#\/schema\/logo\/image\/"},"sameAs":["https:\/\/www.facebook.com\/pinngo.me\/","https:\/\/x.com\/pinngo_me","https:\/\/www.instagram.com\/pinngo.me\/"]}]}},"jetpack_sharing_enabled":false,"_links":{"self":[{"href":"https:\/\/pinngo.me\/en\/wp-json\/wp\/v2\/pages\/134","targetHints":{"allow":["GET"]}}],"collection":[{"href":"https:\/\/pinngo.me\/en\/wp-json\/wp\/v2\/pages"}],"about":[{"href":"https:\/\/pinngo.me\/en\/wp-json\/wp\/v2\/types\/page"}],"author":[{"embeddable":true,"href":"https:\/\/pinngo.me\/en\/wp-json\/wp\/v2\/users\/1"}],"replies":[{"embeddable":true,"href":"https:\/\/pinngo.me\/en\/wp-json\/wp\/v2\/comments?post=134"}],"version-history":[{"count":0,"href":"https:\/\/pinngo.me\/en\/wp-json\/wp\/v2\/pages\/134\/revisions"}],"wp:attachment":[{"href":"https:\/\/pinngo.me\/en\/wp-json\/wp\/v2\/media?parent=134"}],"curies":[{"name":"wp","href":"https:\/\/api.w.org\/{rel}","templated":true}]}}